{"id":103,"date":"2020-12-01T10:50:54","date_gmt":"2020-12-01T09:50:54","guid":{"rendered":"http:\/\/www.svjbrandlova.cz\/?page_id=103"},"modified":"2023-05-30T18:16:06","modified_gmt":"2023-05-30T16:16:06","slug":"svj-telefony","status":"publish","type":"page","link":"https:\/\/www.svjbrandlova.cz\/?page_id=103","title":{"rendered":"SVJ"},"content":{"rendered":"<h2 style=\"text-align: center;\"><strong><u>V\u00fdbor Spole\u010denstv\u00ed vlastn\u00edk\u016f Brandlova 1560-2<\/u><\/strong><\/h2>\n<p>P\u0159edseda v\u00fdboru:<\/p>\n<p><strong>Paragrafs &#8211; divize III., s.r.o.\u00a0\u00a0\u00a0\u00a0\u00a0\u00a0\u00a0 <\/strong><strong>MIROSLAV KAIGL\u00a0\u00a0\u00a0\u00a0\u00a0\u00a0\u00a0\u00a0 \u00a0\u00a0\u00a0\u00a0\u00a0\u00a0\u00a0\u00a0 <\/strong><\/p>\n<p>M\u00edstop\u0159edseda v\u00fdboru: \u00a0\u00a0\u00a0\u00a0\u00a0 <strong>MONIKA KREMROV\u00c1\u00a0 <\/strong><\/p>\n<p>\u010clen v\u00fdboru: \u00a0 \u00a0\u00a0\u00a0\u00a0\u00a0\u00a0\u00a0\u00a0\u00a0\u00a0\u00a0\u00a0\u00a0\u00a0\u00a0\u00a0\u00a0 \u00a0\u00a0\u00a0\u00a0 <strong>Ing. \u0160T\u011aP\u00c1NKA VL\u010cKOV\u00c1\u00a0\u00a0 <\/strong><\/p>\n","protected":false},"excerpt":{"rendered":"<p>V\u00fdbor Spole\u010denstv\u00ed vlastn\u00edk\u016f Brandlova 1560-2 P\u0159edseda v\u00fdboru: Paragrafs &#8211; divize III., s.r.o.\u00a0\u00a0\u00a0\u00a0\u00a0\u00a0\u00a0 MIROSLAV KAIGL\u00a0\u00a0\u00a0\u00a0\u00a0\u00a0\u00a0\u00a0 \u00a0\u00a0\u00a0\u00a0\u00a0\u00a0\u00a0\u00a0 M\u00edstop\u0159edseda v\u00fdboru: \u00a0\u00a0\u00a0\u00a0\u00a0 MONIKA KREMROV\u00c1\u00a0 \u010clen v\u00fdboru: \u00a0 \u00a0\u00a0\u00a0\u00a0\u00a0\u00a0\u00a0\u00a0\u00a0\u00a0\u00a0\u00a0\u00a0\u00a0\u00a0\u00a0\u00a0 \u00a0\u00a0\u00a0\u00a0 Ing. \u0160T\u011aP\u00c1NKA VL\u010cKOV\u00c1\u00a0\u00a0<\/p>\n","protected":false},"author":8,"featured_media":0,"parent":780,"menu_order":0,"comment_status":"closed","ping_status":"closed","template":"","meta":[],"_links":{"self":[{"href":"https:\/\/www.svjbrandlova.cz\/index.php?rest_route=\/wp\/v2\/pages\/103"}],"collection":[{"href":"https:\/\/www.svjbrandlova.cz\/index.php?rest_route=\/wp\/v2\/pages"}],"about":[{"href":"https:\/\/www.svjbrandlova.cz\/index.php?rest_route=\/wp\/v2\/types\/page"}],"author":[{"embeddable":true,"href":"https:\/\/www.svjbrandlova.cz\/index.php?rest_route=\/wp\/v2\/users\/8"}],"replies":[{"embeddable":true,"href":"https:\/\/www.svjbrandlova.cz\/index.php?rest_route=%2Fwp%2Fv2%2Fcomments&post=103"}],"version-history":[{"count":16,"href":"https:\/\/www.svjbrandlova.cz\/index.php?rest_route=\/wp\/v2\/pages\/103\/revisions"}],"predecessor-version":[{"id":1373,"href":"https:\/\/www.svjbrandlova.cz\/index.php?rest_route=\/wp\/v2\/pages\/103\/revisions\/1373"}],"up":[{"embeddable":true,"href":"https:\/\/www.svjbrandlova.cz\/index.php?rest_route=\/wp\/v2\/pages\/780"}],"wp:attachment":[{"href":"https:\/\/www.svjbrandlova.cz\/index.php?rest_route=%2Fwp%2Fv2%2Fmedia&parent=103"}],"curies":[{"name":"wp","href":"https:\/\/api.w.org\/{rel}","templated":true}]}}