{"id":1048,"date":"2021-07-20T12:22:07","date_gmt":"2021-07-20T10:22:07","guid":{"rendered":"https:\/\/www.svjbrandlova.cz\/?page_id=1048"},"modified":"2021-07-20T13:43:30","modified_gmt":"2021-07-20T11:43:30","slug":"hlaseni-oprav-a-udrzby-domu-brandlova-1560-2","status":"publish","type":"page","link":"https:\/\/www.svjbrandlova.cz\/?page_id=1048","title":{"rendered":"Hl\u00e1\u0161en\u00ed oprav a \u00fadr\u017eby domu Brandlova 1560-2"},"content":{"rendered":"\n<h3>V\u00e1\u017een\u00ed vlastn\u00edci,<\/h3>\n\n\n\n<p>cht\u011bli bychom v\u00e1s po\u017e\u00e1dat, abyste v\u0161echny opravy hl\u00e1\u0161en\u00e9 na <a rel=\"noreferrer noopener\" href=\"http:\/\/bytoservis.eu\/havarijni-dispecink\/\" target=\"_blank\"><strong>Bytoservis \u2013 NON STOP s.r.o.<\/strong><\/a> d\u00e1vali na v\u011bdom\u00ed i v\u00fdboru. Havarijn\u00ed stavy \u0159e\u0161te p\u0159\u00edmo s nonstop dispe\u010dinkem<strong> tel. 241 414\u00a0141 <\/strong>a neprodlen\u011b informujte v\u00fdbor (telefonicky nebo SMS).                                                                                                                                                                                Pot\u0159ebujeme o z\u00e1sahu v\u011bd\u011bt, proto\u017ee je to jedin\u00fd zp\u016fsob, jak ov\u011b\u0159it, \u017ee fakturovan\u00fd z\u00e1sah skute\u010dn\u011b prob\u011bhl a jak\u00fd m\u011bl rozsah a zda se jedn\u00e1 o hav\u00e1rii hrazenou z Fondu oprav nebo vlastn\u00edkem.<\/p>\n\n\n\n<p>Drobn\u00e9 opravy pros\u00edm sd\u011blujte bu\u010f na email <a href=\"mailto:technik@paragrafs.cz\">technik@paragrafs.cz<\/a> nebo <a href=\"mailto:info@svjtatarkova.cz\">info@svjbrandlova.cz<\/a>, SMSkou na v\u00fdbor.  <\/p>\n\n\n\n<p>D\u011bkujeme za spolupr\u00e1ci a Va\u0161e pochopen\u00ed.<\/p>\n","protected":false},"excerpt":{"rendered":"<p>V\u00e1\u017een\u00ed vlastn\u00edci, cht\u011bli bychom v\u00e1s po\u017e\u00e1dat, abyste v\u0161echny opravy hl\u00e1\u0161en\u00e9 na Bytoservis \u2013 NON STOP s.r.o. d\u00e1vali na v\u011bdom\u00ed i v\u00fdboru. Havarijn\u00ed stavy \u0159e\u0161te p\u0159\u00edmo s nonstop dispe\u010dinkem tel. 241 414\u00a0141 a neprodlen\u011b informujte v\u00fdbor (telefonicky nebo SMS). Pot\u0159ebujeme o z\u00e1sahu v\u011bd\u011bt, proto\u017ee je to jedin\u00fd zp\u016fsob, jak ov\u011b\u0159it, \u017ee fakturovan\u00fd z\u00e1sah skute\u010dn\u011b prob\u011bhl a jak\u00fd m\u011bl rozsah a zda se jedn\u00e1 o hav\u00e1rii hrazenou z Fondu oprav nebo vlastn\u00edkem. Drobn\u00e9 opravy pros\u00edm sd\u011blujte bu\u010f na email technik@paragrafs.cz nebo info@svjbrandlova.cz, SMSkou na v\u00fdbor. D\u011bkujeme za spolupr\u00e1ci a Va\u0161e pochopen\u00ed.<\/p>\n","protected":false},"author":8,"featured_media":1049,"parent":230,"menu_order":3,"comment_status":"closed","ping_status":"closed","template":"","meta":[],"_links":{"self":[{"href":"https:\/\/www.svjbrandlova.cz\/index.php?rest_route=\/wp\/v2\/pages\/1048"}],"collection":[{"href":"https:\/\/www.svjbrandlova.cz\/index.php?rest_route=\/wp\/v2\/pages"}],"about":[{"href":"https:\/\/www.svjbrandlova.cz\/index.php?rest_route=\/wp\/v2\/types\/page"}],"author":[{"embeddable":true,"href":"https:\/\/www.svjbrandlova.cz\/index.php?rest_route=\/wp\/v2\/users\/8"}],"replies":[{"embeddable":true,"href":"https:\/\/www.svjbrandlova.cz\/index.php?rest_route=%2Fwp%2Fv2%2Fcomments&post=1048"}],"version-history":[{"count":4,"href":"https:\/\/www.svjbrandlova.cz\/index.php?rest_route=\/wp\/v2\/pages\/1048\/revisions"}],"predecessor-version":[{"id":1055,"href":"https:\/\/www.svjbrandlova.cz\/index.php?rest_route=\/wp\/v2\/pages\/1048\/revisions\/1055"}],"up":[{"embeddable":true,"href":"https:\/\/www.svjbrandlova.cz\/index.php?rest_route=\/wp\/v2\/pages\/230"}],"wp:featuredmedia":[{"embeddable":true,"href":"https:\/\/www.svjbrandlova.cz\/index.php?rest_route=\/wp\/v2\/media\/1049"}],"wp:attachment":[{"href":"https:\/\/www.svjbrandlova.cz\/index.php?rest_route=%2Fwp%2Fv2%2Fmedia&parent=1048"}],"curies":[{"name":"wp","href":"https:\/\/api.w.org\/{rel}","templated":true}]}}