{"id":107,"date":"2020-12-01T10:51:04","date_gmt":"2020-12-01T09:51:04","guid":{"rendered":"http:\/\/www.svjbrandlova.cz\/?page_id=107"},"modified":"2023-05-30T18:22:07","modified_gmt":"2023-05-30T16:22:07","slug":"svj-ostatni-informace","status":"publish","type":"page","link":"https:\/\/www.svjbrandlova.cz\/?page_id=107","title":{"rendered":"SVJ-ostatn\u00ed informace"},"content":{"rendered":"<p>\u00a0<\/p>\n<p><strong>Majitel domu: <span class=\"preformatted\">Spole\u010denstv\u00ed vlastn\u00edk\u016f Brandlova 1560-2<\/span><\/strong><\/p>\n<p><strong><a title=\"V\u00fdpis z obchodn\u00edho rejst\u0159\u00edku\" href=\"https:\/\/or.justice.cz\/ias\/ui\/rejstrik-firma.vysledky?subjektId=69165&amp;typ=PLATNY\" target=\"_blank\" rel=\"noopener noreferrer\">V\u00fdpis\u00a0z obchodn\u00edho rejst\u0159\u00edku<\/a><\/strong><\/p>\n<p><strong><a href=\"https:\/\/or.justice.cz\/ias\/ui\/vypis-sl-firma?subjektId=69165\" target=\"_blank\" rel=\"noopener noreferrer\">Sb\u00edrka listin<\/a><\/strong><\/p>\n<p><strong><a href=\"https:\/\/vdp.cuzk.cz\/vdp\/ruian\/stavebniobjekty\/21831599\" target=\"_blank\" rel=\"noopener noreferrer\">Katastr nemovitost\u00ed objekt<\/a><\/strong><\/p>\n<p><a href=\"https:\/\/nahlizenidokn.cuzk.cz\/ZobrazObjekt.aspx?encrypted=4wbKQ0KniHm8GxFg0GmU0PNi6R0Z1O5smmQNlIs1Zoxen4W6o0ayvfeJF3HQIrbJyNtkWJQbRtqEKIGKM0G2bl9u6dcksulU2BIviTL3wDuWGG0fgM49aQ==\" target=\"_blank\" rel=\"noopener noreferrer\"><strong>Katastr nemovitost\u00ed pozeme<\/strong><strong>k<\/strong><\/a><\/p>\n<p>\u00a0<\/p>\n<p><b>Bankovn\u00ed spojen\u00ed:<\/b><\/p>\n<p>\u010cSOB, a. s. Arkalyck\u00e1 758, 149 00 Praha 4 \u010d. \u00fa.: 249373734\/0300<\/p>\n<p><strong>Zde n\u00e1m m\u016f\u017eete n\u00e1m zaslat n\u00e1m\u011bty i p\u0159ipom\u00ednky\u00a0\u00a0\u00a0\u00a0\u00a0\u00a0\u00a0\u00a0\u00a0\u00a0\u00a0\u00a0\u00a0\u00a0\u00a0\u00a0\u00a0\u00a0\u00a0\u00a0 <\/strong><\/p>\n<p><strong><a href=\"mailto:info@svjbrandlova.cz\" target=\"_blank\" rel=\"noopener\">info(at)svjbrandlova.cz<\/a><\/strong><\/p>\n\n\n<p class=\"has-accent-color has-text-color\"><a href=\"mailto:info@obstarano.cz\"><strong>info(at)obstarano.cz<\/strong><\/a><\/p>\n","protected":false},"excerpt":{"rendered":"<p>\u00a0 Majitel domu: Spole\u010denstv\u00ed vlastn\u00edk\u016f Brandlova 1560-2 V\u00fdpis\u00a0z obchodn\u00edho rejst\u0159\u00edku Sb\u00edrka listin Katastr nemovitost\u00ed objekt Katastr nemovitost\u00ed pozemek \u00a0 Bankovn\u00ed spojen\u00ed: \u010cSOB, a. s. Arkalyck\u00e1 758, 149 00 Praha 4 \u010d. \u00fa.: 249373734\/0300 Zde n\u00e1m m\u016f\u017eete n\u00e1m zaslat n\u00e1m\u011bty i p\u0159ipom\u00ednky\u00a0\u00a0\u00a0\u00a0\u00a0\u00a0\u00a0\u00a0\u00a0\u00a0\u00a0\u00a0\u00a0\u00a0\u00a0\u00a0\u00a0\u00a0\u00a0\u00a0 info(at)svjbrandlova.cz info(at)obstarano.cz<\/p>\n","protected":false},"author":8,"featured_media":0,"parent":780,"menu_order":0,"comment_status":"closed","ping_status":"closed","template":"","meta":[],"_links":{"self":[{"href":"https:\/\/www.svjbrandlova.cz\/index.php?rest_route=\/wp\/v2\/pages\/107"}],"collection":[{"href":"https:\/\/www.svjbrandlova.cz\/index.php?rest_route=\/wp\/v2\/pages"}],"about":[{"href":"https:\/\/www.svjbrandlova.cz\/index.php?rest_route=\/wp\/v2\/types\/page"}],"author":[{"embeddable":true,"href":"https:\/\/www.svjbrandlova.cz\/index.php?rest_route=\/wp\/v2\/users\/8"}],"replies":[{"embeddable":true,"href":"https:\/\/www.svjbrandlova.cz\/index.php?rest_route=%2Fwp%2Fv2%2Fcomments&post=107"}],"version-history":[{"count":29,"href":"https:\/\/www.svjbrandlova.cz\/index.php?rest_route=\/wp\/v2\/pages\/107\/revisions"}],"predecessor-version":[{"id":1377,"href":"https:\/\/www.svjbrandlova.cz\/index.php?rest_route=\/wp\/v2\/pages\/107\/revisions\/1377"}],"up":[{"embeddable":true,"href":"https:\/\/www.svjbrandlova.cz\/index.php?rest_route=\/wp\/v2\/pages\/780"}],"wp:attachment":[{"href":"https:\/\/www.svjbrandlova.cz\/index.php?rest_route=%2Fwp%2Fv2%2Fmedia&parent=107"}],"curies":[{"name":"wp","href":"https:\/\/api.w.org\/{rel}","templated":true}]}}