{"id":1166,"date":"2020-12-01T17:29:00","date_gmt":"2020-12-01T16:29:00","guid":{"rendered":"https:\/\/www.svjbrandlova.cz\/?page_id=1166"},"modified":"2021-12-04T12:30:00","modified_gmt":"2021-12-04T11:30:00","slug":"instalace-satelitu-anten-vysuvnych-susaku-ve-spolecnych-castech-domu","status":"publish","type":"page","link":"https:\/\/www.svjbrandlova.cz\/?page_id=1166","title":{"rendered":"Instalace satelit\u016f, ant\u00e9n, v\u00fdsuvn\u00fdch su\u0161\u00e1k\u016f ve spole\u010dn\u00fdch \u010d\u00e1stech domu"},"content":{"rendered":"\n<p>Na z\u00e1klad\u011b rozhodnut\u00ed Shrom\u00e1\u017ed\u011bn\u00ed SVJ &#8211; Informace k instalac\u00edm ant\u00e9n, satelit\u016f, v\u00fdsuvn\u00fdch su\u0161\u00e1k\u016f ve spole\u010dn\u00fdch \u010d\u00e1stech domu.<\/p>\n\n\n\n<p>V souvislosti s proveden\u00fdm zateplen\u00edm objektu bylo na shrom\u00e1\u017ed\u011bn\u00ed SVJ schv\u00e1leno nutnost zdr\u017eet se jak\u00fdchkoliv nepovolen\u00fdch instalac\u00ed za\u0159\u00edzen\u00ed a \u00faprav na spole\u010dn\u00fdch \u010d\u00e1stech domu. Jedn\u00e1 se zejm\u00e9na o mont\u00e1\u017ee a instalace ant\u00e9n, satelit\u016f, m\u0159\u00ed\u017e\u00ed do oken, v\u00fdsuvn\u00fdch su\u0161\u00e1k\u016f na zdi nebo fas\u00e1du objektu.<\/p>\n\n\n\n<p>Upozor\u0148ujeme, \u017ee jak\u00e9koliv instalace t\u011bchto za\u0159\u00edzen\u00ed na spole\u010dn\u00fdch \u010d\u00e1stech domu jsou nep\u0159\u00edpustn\u00e9 bez jejich p\u0159edchoz\u00edho projedn\u00e1n\u00ed a schv\u00e1len\u00ed v\u00fdborem SVJ , p\u0159\u00edpadn\u011b i sch\u016fz\u00ed shrom\u00e1\u017ed\u011bn\u00ed vlastn\u00edk\u016f jednotek. Instalace za\u0159\u00edzen\u00ed bez tohoto souhlasu je neopr\u00e1vn\u011bn\u00fdm z\u00e1sahem do vlastnick\u00e9ho pr\u00e1va ostatn\u00edch \u010dlen\u016f spole\u010denstv\u00ed vlastn\u00edk\u016f jednotek.<\/p>\n\n\n\n<p>Je t\u0159eba si uv\u011bdomit, \u017ee p\u0159i neprofesion\u00e1ln\u00ed instalaci, kter\u00e1 nen\u00ed provedena autorizovanou osobou, m\u016f\u017ee doj\u00edt k po\u0161kozen\u00ed zateplovac\u00edho syst\u00e9mu a n\u00e1sledn\u00e9mu zat\u00e9k\u00e1n\u00ed, kter\u00e9 se m\u016f\u017ee negativn\u011b projevit ve vnit\u0159n\u00edch prostor\u00e1ch domu<br>V p\u0159\u00edpad\u011b poru\u0161en\u00ed uveden\u00e9ho z\u00e1kazu bude v\u00fdbor nucen na\u0159\u00eddit odstran\u011bn\u00ed nepovolen\u00e9 instalace. Poru\u0161ovatel z\u00e1kazu bude pot\u00e9 muset uhradit ve\u0161ker\u00e9 n\u00e1klady a \u0161kody, kter\u00e9 SVJ vzniknou v souvislosti s nepovolenou instalac\u00ed za\u0159\u00edzen\u00ed a jej\u00edm odstran\u011bn\u00edm.<\/p>\n\n\n\n<p>Aby byl vlastn\u00edk\u016fm jednotek umo\u017en\u011bn p\u0159\u00edjem televizn\u00edho vys\u00edl\u00e1n\u00ed, je v dom\u011b vybudov\u00e1n rozvod pro p\u0159\u00edjem televizn\u00edho sign\u00e1lu. V objektu je nav\u00edc n\u011bkolik poskytovatel\u016f kabelov\u00e9ho p\u0159ipojen\u00ed.<\/p>\n\n\n\n<p>D\u011bkujeme<\/p>\n\n\n\n<p>V\u00fdbor SVJ<\/p>\n","protected":false},"excerpt":{"rendered":"<p>Na z\u00e1klad\u011b rozhodnut\u00ed Shrom\u00e1\u017ed\u011bn\u00ed SVJ &#8211; Informace k instalac\u00edm ant\u00e9n, satelit\u016f, v\u00fdsuvn\u00fdch su\u0161\u00e1k\u016f ve spole\u010dn\u00fdch \u010d\u00e1stech domu. V souvislosti s proveden\u00fdm zateplen\u00edm objektu bylo na shrom\u00e1\u017ed\u011bn\u00ed SVJ schv\u00e1leno nutnost zdr\u017eet se jak\u00fdchkoliv nepovolen\u00fdch instalac\u00ed za\u0159\u00edzen\u00ed a \u00faprav na spole\u010dn\u00fdch \u010d\u00e1stech domu. Jedn\u00e1 se zejm\u00e9na o mont\u00e1\u017ee a instalace ant\u00e9n, satelit\u016f, m\u0159\u00ed\u017e\u00ed do oken, v\u00fdsuvn\u00fdch su\u0161\u00e1k\u016f na zdi nebo fas\u00e1du objektu. Upozor\u0148ujeme, \u017ee jak\u00e9koliv instalace t\u011bchto za\u0159\u00edzen\u00ed na spole\u010dn\u00fdch \u010d\u00e1stech domu jsou nep\u0159\u00edpustn\u00e9 bez jejich p\u0159edchoz\u00edho projedn\u00e1n\u00ed a schv\u00e1len\u00ed v\u00fdborem SVJ , p\u0159\u00edpadn\u011b i sch\u016fz\u00ed shrom\u00e1\u017ed\u011bn\u00ed vlastn\u00edk\u016f jednotek. Instalace za\u0159\u00edzen\u00ed bez tohoto souhlasu je neopr\u00e1vn\u011bn\u00fdm z\u00e1sahem do vlastnick\u00e9ho pr\u00e1va ostatn\u00edch \u010dlen\u016f spole\u010denstv\u00ed vlastn\u00edk\u016f jednotek. Je t\u0159eba si uv\u011bdomit, \u017ee p\u0159i neprofesion\u00e1ln\u00ed instalaci, kter\u00e1 nen\u00ed provedena autorizovanou osobou, m\u016f\u017ee doj\u00edt k po\u0161kozen\u00ed zateplovac\u00edho syst\u00e9mu a n\u00e1sledn\u00e9mu zat\u00e9k\u00e1n\u00ed, kter\u00e9 se m\u016f\u017ee negativn\u011b projevit ve vnit\u0159n\u00edch prostor\u00e1ch domuV p\u0159\u00edpad\u011b poru\u0161en\u00ed uveden\u00e9ho z\u00e1kazu bude v\u00fdbor nucen na\u0159\u00eddit odstran\u011bn\u00ed nepovolen\u00e9 instalace. Poru\u0161ovatel z\u00e1kazu bude pot\u00e9 muset uhradit ve\u0161ker\u00e9 n\u00e1klady a \u0161kody, kter\u00e9 SVJ vzniknou v souvislosti s nepovolenou instalac\u00ed za\u0159\u00edzen\u00ed a jej\u00edm odstran\u011bn\u00edm. Aby byl vlastn\u00edk\u016fm jednotek umo\u017en\u011bn p\u0159\u00edjem televizn\u00edho vys\u00edl\u00e1n\u00ed, je v dom\u011b vybudov\u00e1n rozvod pro p\u0159\u00edjem televizn\u00edho sign\u00e1lu. V objektu je nav\u00edc n\u011bkolik poskytovatel\u016f kabelov\u00e9ho p\u0159ipojen\u00ed. D\u011bkujeme V\u00fdbor SVJ<\/p>\n","protected":false},"author":8,"featured_media":1167,"parent":230,"menu_order":0,"comment_status":"closed","ping_status":"closed","template":"","meta":[],"_links":{"self":[{"href":"https:\/\/www.svjbrandlova.cz\/index.php?rest_route=\/wp\/v2\/pages\/1166"}],"collection":[{"href":"https:\/\/www.svjbrandlova.cz\/index.php?rest_route=\/wp\/v2\/pages"}],"about":[{"href":"https:\/\/www.svjbrandlova.cz\/index.php?rest_route=\/wp\/v2\/types\/page"}],"author":[{"embeddable":true,"href":"https:\/\/www.svjbrandlova.cz\/index.php?rest_route=\/wp\/v2\/users\/8"}],"replies":[{"embeddable":true,"href":"https:\/\/www.svjbrandlova.cz\/index.php?rest_route=%2Fwp%2Fv2%2Fcomments&post=1166"}],"version-history":[{"count":2,"href":"https:\/\/www.svjbrandlova.cz\/index.php?rest_route=\/wp\/v2\/pages\/1166\/revisions"}],"predecessor-version":[{"id":1171,"href":"https:\/\/www.svjbrandlova.cz\/index.php?rest_route=\/wp\/v2\/pages\/1166\/revisions\/1171"}],"up":[{"embeddable":true,"href":"https:\/\/www.svjbrandlova.cz\/index.php?rest_route=\/wp\/v2\/pages\/230"}],"wp:featuredmedia":[{"embeddable":true,"href":"https:\/\/www.svjbrandlova.cz\/index.php?rest_route=\/wp\/v2\/media\/1167"}],"wp:attachment":[{"href":"https:\/\/www.svjbrandlova.cz\/index.php?rest_route=%2Fwp%2Fv2%2Fmedia&parent=1166"}],"curies":[{"name":"wp","href":"https:\/\/api.w.org\/{rel}","templated":true}]}}