{"id":1248,"date":"2022-04-20T14:59:01","date_gmt":"2022-04-20T12:59:01","guid":{"rendered":"https:\/\/www.svjbrandlova.cz\/?page_id=1248"},"modified":"2022-04-20T15:08:37","modified_gmt":"2022-04-20T13:08:37","slug":"porucha-vytahu","status":"publish","type":"page","link":"https:\/\/www.svjbrandlova.cz\/?page_id=1248","title":{"rendered":"Porucha v\u00fdtahu"},"content":{"rendered":"\n<p><strong>V p\u0159\u00edpad\u011b poruch v\u00fdtahu se obracejte pouze na V\u00fdbor SV nebo na Paragrafs<\/strong>. <\/p>\n\n\n\n<p>V\u00fdjimkou je osoba zaseknut\u00e1 ve v\u00fdtahu, kter\u00e1 se m\u016f\u017ee spojit p\u0159\u00edmo z v\u00fdtahu s dispe\u010dinkem Schindler. Kontakt uveden v kabin\u011b v\u00fdtahu nebo je tam tla\u010d\u00edtko ALARM (zvonek).<\/p>\n","protected":false},"excerpt":{"rendered":"<p>V p\u0159\u00edpad\u011b poruch v\u00fdtahu se obracejte pouze na V\u00fdbor SV nebo na Paragrafs. V\u00fdjimkou je osoba zaseknut\u00e1 ve v\u00fdtahu, kter\u00e1 se m\u016f\u017ee spojit p\u0159\u00edmo z v\u00fdtahu s dispe\u010dinkem Schindler. Kontakt uveden v kabin\u011b v\u00fdtahu nebo je tam tla\u010d\u00edtko ALARM (zvonek).<\/p>\n","protected":false},"author":8,"featured_media":1253,"parent":230,"menu_order":0,"comment_status":"closed","ping_status":"closed","template":"","meta":[],"_links":{"self":[{"href":"https:\/\/www.svjbrandlova.cz\/index.php?rest_route=\/wp\/v2\/pages\/1248"}],"collection":[{"href":"https:\/\/www.svjbrandlova.cz\/index.php?rest_route=\/wp\/v2\/pages"}],"about":[{"href":"https:\/\/www.svjbrandlova.cz\/index.php?rest_route=\/wp\/v2\/types\/page"}],"author":[{"embeddable":true,"href":"https:\/\/www.svjbrandlova.cz\/index.php?rest_route=\/wp\/v2\/users\/8"}],"replies":[{"embeddable":true,"href":"https:\/\/www.svjbrandlova.cz\/index.php?rest_route=%2Fwp%2Fv2%2Fcomments&post=1248"}],"version-history":[{"count":1,"href":"https:\/\/www.svjbrandlova.cz\/index.php?rest_route=\/wp\/v2\/pages\/1248\/revisions"}],"predecessor-version":[{"id":1250,"href":"https:\/\/www.svjbrandlova.cz\/index.php?rest_route=\/wp\/v2\/pages\/1248\/revisions\/1250"}],"up":[{"embeddable":true,"href":"https:\/\/www.svjbrandlova.cz\/index.php?rest_route=\/wp\/v2\/pages\/230"}],"wp:featuredmedia":[{"embeddable":true,"href":"https:\/\/www.svjbrandlova.cz\/index.php?rest_route=\/wp\/v2\/media\/1253"}],"wp:attachment":[{"href":"https:\/\/www.svjbrandlova.cz\/index.php?rest_route=%2Fwp%2Fv2%2Fmedia&parent=1248"}],"curies":[{"name":"wp","href":"https:\/\/api.w.org\/{rel}","templated":true}]}}