{"id":1261,"date":"2022-04-28T11:46:54","date_gmt":"2022-04-28T09:46:54","guid":{"rendered":"https:\/\/www.svjbrandlova.cz\/?page_id=1261"},"modified":"2022-04-28T11:46:55","modified_gmt":"2022-04-28T09:46:55","slug":"doporuceni-pri-havariich","status":"publish","type":"page","link":"https:\/\/www.svjbrandlova.cz\/?page_id=1261","title":{"rendered":"Doporu\u010den\u00ed p\u0159i hav\u00e1ri\u00edch"},"content":{"rendered":"","protected":false},"excerpt":{"rendered":"","protected":false},"author":8,"featured_media":1262,"parent":0,"menu_order":0,"comment_status":"closed","ping_status":"closed","template":"","meta":[],"_links":{"self":[{"href":"https:\/\/www.svjbrandlova.cz\/index.php?rest_route=\/wp\/v2\/pages\/1261"}],"collection":[{"href":"https:\/\/www.svjbrandlova.cz\/index.php?rest_route=\/wp\/v2\/pages"}],"about":[{"href":"https:\/\/www.svjbrandlova.cz\/index.php?rest_route=\/wp\/v2\/types\/page"}],"author":[{"embeddable":true,"href":"https:\/\/www.svjbrandlova.cz\/index.php?rest_route=\/wp\/v2\/users\/8"}],"replies":[{"embeddable":true,"href":"https:\/\/www.svjbrandlova.cz\/index.php?rest_route=%2Fwp%2Fv2%2Fcomments&post=1261"}],"version-history":[{"count":1,"href":"https:\/\/www.svjbrandlova.cz\/index.php?rest_route=\/wp\/v2\/pages\/1261\/revisions"}],"predecessor-version":[{"id":1264,"href":"https:\/\/www.svjbrandlova.cz\/index.php?rest_route=\/wp\/v2\/pages\/1261\/revisions\/1264"}],"wp:featuredmedia":[{"embeddable":true,"href":"https:\/\/www.svjbrandlova.cz\/index.php?rest_route=\/wp\/v2\/media\/1262"}],"wp:attachment":[{"href":"https:\/\/www.svjbrandlova.cz\/index.php?rest_route=%2Fwp%2Fv2%2Fmedia&parent=1261"}],"curies":[{"name":"wp","href":"https:\/\/api.w.org\/{rel}","templated":true}]}}