{"id":230,"date":"2020-12-01T10:51:57","date_gmt":"2020-12-01T09:51:57","guid":{"rendered":"http:\/\/www.svjbrandlova.cz\/?page_id=230"},"modified":"2020-12-01T10:51:57","modified_gmt":"2020-12-01T09:51:57","slug":"co-delat-kdyz","status":"publish","type":"page","link":"https:\/\/www.svjbrandlova.cz\/?page_id=230","title":{"rendered":"Co d\u011blat, kdy\u017e&#8230;?"},"content":{"rendered":"<p>V uveden\u00fdch odkazech jsou pops\u00e1ny z\u00e1kladn\u00ed postupy v situac\u00edch, s nimi\u017e se m\u016f\u017eete setkat. Pokud m\u00e1te jak\u00fdkoliv podn\u011bt na roz\u0161\u00ed\u0159en\u00ed t\u00e9to sekce, napi\u0161te n\u00e1m !<\/p>\n","protected":false},"excerpt":{"rendered":"<p>V uveden\u00fdch odkazech jsou pops\u00e1ny z\u00e1kladn\u00ed postupy v situac\u00edch, s nimi\u017e se m\u016f\u017eete setkat. Pokud m\u00e1te jak\u00fdkoliv podn\u011bt na roz\u0161\u00ed\u0159en\u00ed t\u00e9to sekce, napi\u0161te n\u00e1m !<\/p>\n","protected":false},"author":8,"featured_media":0,"parent":0,"menu_order":0,"comment_status":"closed","ping_status":"closed","template":"","meta":[],"_links":{"self":[{"href":"https:\/\/www.svjbrandlova.cz\/index.php?rest_route=\/wp\/v2\/pages\/230"}],"collection":[{"href":"https:\/\/www.svjbrandlova.cz\/index.php?rest_route=\/wp\/v2\/pages"}],"about":[{"href":"https:\/\/www.svjbrandlova.cz\/index.php?rest_route=\/wp\/v2\/types\/page"}],"author":[{"embeddable":true,"href":"https:\/\/www.svjbrandlova.cz\/index.php?rest_route=\/wp\/v2\/users\/8"}],"replies":[{"embeddable":true,"href":"https:\/\/www.svjbrandlova.cz\/index.php?rest_route=%2Fwp%2Fv2%2Fcomments&post=230"}],"version-history":[{"count":1,"href":"https:\/\/www.svjbrandlova.cz\/index.php?rest_route=\/wp\/v2\/pages\/230\/revisions"}],"predecessor-version":[{"id":231,"href":"https:\/\/www.svjbrandlova.cz\/index.php?rest_route=\/wp\/v2\/pages\/230\/revisions\/231"}],"wp:attachment":[{"href":"https:\/\/www.svjbrandlova.cz\/index.php?rest_route=%2Fwp%2Fv2%2Fmedia&parent=230"}],"curies":[{"name":"wp","href":"https:\/\/api.w.org\/{rel}","templated":true}]}}