{"id":234,"date":"2020-12-01T10:51:16","date_gmt":"2020-12-01T09:51:16","guid":{"rendered":"http:\/\/www.svjbrandlova.cz\/?page_id=234"},"modified":"2022-04-20T15:04:27","modified_gmt":"2022-04-20T13:04:27","slug":"nesviti-zarovky-na-chodbe","status":"publish","type":"page","link":"https:\/\/www.svjbrandlova.cz\/?page_id=234","title":{"rendered":"Nesv\u00edt\u00ed sv\u011btla na chodb\u011b&#8230;?"},"content":{"rendered":"<p>V p\u0159\u00edpad\u011b &#8222;DROBN\u00ddCH Z\u00c1VAD ve spole\u010dn\u00fdch prostor\u00e1ch&#8220; <span style=\"color: #ff6600;\"><span style=\"text-decoration: underline;\">kontaktujte V\u00fdbor SVJ<\/span><\/span> ( <a href=\"http:\/\/www.svjbrandlova.cz\/?page_id=103\" target=\"_blank\" rel=\"noopener noreferrer\"><span style=\"text-decoration: underline;\">kontakty naleznete v Kontakty\/SVJ-telefony<\/span><\/a>) a po\u017e\u00e1dejte o zaji\u0161t\u011bn\u00ed opravy.<\/p>\n","protected":false},"excerpt":{"rendered":"<p>V p\u0159\u00edpad\u011b &#8222;DROBN\u00ddCH Z\u00c1VAD ve spole\u010dn\u00fdch prostor\u00e1ch&#8220; kontaktujte V\u00fdbor SVJ ( kontakty naleznete v Kontakty\/SVJ-telefony) a po\u017e\u00e1dejte o zaji\u0161t\u011bn\u00ed opravy.<\/p>\n","protected":false},"author":8,"featured_media":1252,"parent":230,"menu_order":4,"comment_status":"closed","ping_status":"closed","template":"","meta":[],"_links":{"self":[{"href":"https:\/\/www.svjbrandlova.cz\/index.php?rest_route=\/wp\/v2\/pages\/234"}],"collection":[{"href":"https:\/\/www.svjbrandlova.cz\/index.php?rest_route=\/wp\/v2\/pages"}],"about":[{"href":"https:\/\/www.svjbrandlova.cz\/index.php?rest_route=\/wp\/v2\/types\/page"}],"author":[{"embeddable":true,"href":"https:\/\/www.svjbrandlova.cz\/index.php?rest_route=\/wp\/v2\/users\/8"}],"replies":[{"embeddable":true,"href":"https:\/\/www.svjbrandlova.cz\/index.php?rest_route=%2Fwp%2Fv2%2Fcomments&post=234"}],"version-history":[{"count":6,"href":"https:\/\/www.svjbrandlova.cz\/index.php?rest_route=\/wp\/v2\/pages\/234\/revisions"}],"predecessor-version":[{"id":541,"href":"https:\/\/www.svjbrandlova.cz\/index.php?rest_route=\/wp\/v2\/pages\/234\/revisions\/541"}],"up":[{"embeddable":true,"href":"https:\/\/www.svjbrandlova.cz\/index.php?rest_route=\/wp\/v2\/pages\/230"}],"wp:featuredmedia":[{"embeddable":true,"href":"https:\/\/www.svjbrandlova.cz\/index.php?rest_route=\/wp\/v2\/media\/1252"}],"wp:attachment":[{"href":"https:\/\/www.svjbrandlova.cz\/index.php?rest_route=%2Fwp%2Fv2%2Fmedia&parent=234"}],"curies":[{"name":"wp","href":"https:\/\/api.w.org\/{rel}","templated":true}]}}