{"id":551,"date":"2020-12-07T11:33:42","date_gmt":"2020-12-07T10:33:42","guid":{"rendered":"https:\/\/www.svjbrandlova.cz\/?page_id=551"},"modified":"2022-04-20T14:53:36","modified_gmt":"2022-04-20T12:53:36","slug":"potrebuji-informace-o-mem-stavu-plateb-za-uzivani-bytu-nebo-o-dluznem-najemnem","status":"publish","type":"page","link":"https:\/\/www.svjbrandlova.cz\/?page_id=551","title":{"rendered":"Pot\u0159ebuji informace o m\u00e9m stavu plateb za u\u017e\u00edv\u00e1n\u00ed bytu nebo o dlu\u017en\u00e9m n\u00e1jemn\u00e9m"},"content":{"rendered":"\n<p><\/p>\n\n\n\n<p>informace pod\u00e1: <a href=\"https:\/\/www.paragrafs.cz\/\">Paragrafs \u2013 divize III., s.r.o.<\/a>   Elektronick\u00e1 p\u0159ep\u00e1\u017eka<\/p>\n\n\n\n<p>nebo p\u0159\u00edmo na <a href=\"https:\/\/www.poschodech.cz\/login\" target=\"_blank\" rel=\"noreferrer noopener\">POSCHODECH.CZ<\/a> &#8211; ka\u017ed\u00fd byt obdr\u017eel ke sv\u00e9mu \u00fa\u010dtu k\u00f3d<\/p>\n","protected":false},"excerpt":{"rendered":"<p>informace pod\u00e1: Paragrafs \u2013 divize III., s.r.o. Elektronick\u00e1 p\u0159ep\u00e1\u017eka nebo p\u0159\u00edmo na POSCHODECH.CZ &#8211; ka\u017ed\u00fd byt obdr\u017eel ke sv\u00e9mu \u00fa\u010dtu k\u00f3d<\/p>\n","protected":false},"author":8,"featured_media":0,"parent":230,"menu_order":2,"comment_status":"closed","ping_status":"closed","template":"","meta":[],"_links":{"self":[{"href":"https:\/\/www.svjbrandlova.cz\/index.php?rest_route=\/wp\/v2\/pages\/551"}],"collection":[{"href":"https:\/\/www.svjbrandlova.cz\/index.php?rest_route=\/wp\/v2\/pages"}],"about":[{"href":"https:\/\/www.svjbrandlova.cz\/index.php?rest_route=\/wp\/v2\/types\/page"}],"author":[{"embeddable":true,"href":"https:\/\/www.svjbrandlova.cz\/index.php?rest_route=\/wp\/v2\/users\/8"}],"replies":[{"embeddable":true,"href":"https:\/\/www.svjbrandlova.cz\/index.php?rest_route=%2Fwp%2Fv2%2Fcomments&post=551"}],"version-history":[{"count":5,"href":"https:\/\/www.svjbrandlova.cz\/index.php?rest_route=\/wp\/v2\/pages\/551\/revisions"}],"predecessor-version":[{"id":1247,"href":"https:\/\/www.svjbrandlova.cz\/index.php?rest_route=\/wp\/v2\/pages\/551\/revisions\/1247"}],"up":[{"embeddable":true,"href":"https:\/\/www.svjbrandlova.cz\/index.php?rest_route=\/wp\/v2\/pages\/230"}],"wp:attachment":[{"href":"https:\/\/www.svjbrandlova.cz\/index.php?rest_route=%2Fwp%2Fv2%2Fmedia&parent=551"}],"curies":[{"name":"wp","href":"https:\/\/api.w.org\/{rel}","templated":true}]}}