{"id":61,"date":"2020-12-01T10:47:30","date_gmt":"2020-12-01T09:47:30","guid":{"rendered":"http:\/\/www.svjbrandlova.cz\/?page_id=61"},"modified":"2021-04-27T21:57:58","modified_gmt":"2021-04-27T19:57:58","slug":"vitejte","status":"publish","type":"page","link":"https:\/\/www.svjbrandlova.cz\/","title":{"rendered":""},"content":{"rendered":"<p style=\"text-align: center;\">V\u00edtejte na webov\u00fdch str\u00e1nk\u00e1ch <strong><u>Spole\u010denstv\u00ed vlastn\u00edk\u016f Brandlova 1560-2<\/u><\/strong><\/p>\n<p style=\"text-align: center;\">Tyto str\u00e1nky slou\u017e\u00ed jako informa\u010dn\u00ed kan\u00e1l v\u0161em \u010dlen\u016fm SVJ, dozv\u00edte se o d\u011bn\u00ed v objektu ve form\u011b aktualit, najdete zde z\u00e1kladn\u00ed dokumenty SVJ, pozv\u00e1nky a z\u00e1pisy ze sch\u016fz\u00ed a dal\u0161\u00ed informace jako d\u016fle\u017eit\u00e9 kontakty v p\u0159\u00edpad\u011b nenad\u00e1l\u00fdch situac\u00ed.<\/p>\n<p>Budeme V\u00e1s zde informovat o sou\u010dasn\u00e9m d\u011bn\u00ed ve Spole\u010denstv\u00ed vlastn\u00edk\u016f jednotek, p\u0159ipravovan\u00fdch projektech atd..<\/p>\n<p style=\"text-align: center;\">V\u011bnujte pozornost sekci<strong> \u0160T\u00cdTKY<br \/><\/strong><\/p>\n<p style=\"text-align: center;\">Na n\u00e1st\u011bnce SVJ najdete informace o novink\u00e1ch nebo pl\u00e1novan\u00fdch akc\u00edch.<\/p>\n<p style=\"text-align: center;\">V aktualit\u00e1ch v\u0161eobecn\u00fdch najdete informace t\u00fdkaj\u00edc\u00ed se zm\u011bn v legislativ\u011b.<\/p>\n<p style=\"text-align: center;\">V dokumentech si m\u016f\u017eete st\u00e1hnout nap\u0159. aktu\u00e1ln\u00ed zn\u011bn\u00ed stanov apod.<\/p>\n<p style=\"text-align: center;\">Pokud V\u00e1m zde n\u011bjak\u00e9 d\u016fle\u017eit\u00e9 informace chyb\u00ed a cht\u011bli byste je doplnit, <a href=\"mailto:info@svjbrandlova.cz\" target=\"_blank\" rel=\"noopener noreferrer\">napi\u0161te n\u00e1m<\/a>.<\/p>\n<p style=\"text-align: center;\">V\u00fdbor SVJ<\/p>\n\n\n<p><\/p>\n","protected":false},"excerpt":{"rendered":"<p>V\u00edtejte na webov\u00fdch str\u00e1nk\u00e1ch Spole\u010denstv\u00ed vlastn\u00edk\u016f Brandlova 1560-2 Tyto str\u00e1nky slou\u017e\u00ed jako informa\u010dn\u00ed kan\u00e1l v\u0161em \u010dlen\u016fm SVJ, dozv\u00edte se o d\u011bn\u00ed v objektu ve form\u011b aktualit, najdete zde z\u00e1kladn\u00ed dokumenty SVJ, pozv\u00e1nky a z\u00e1pisy ze sch\u016fz\u00ed a dal\u0161\u00ed informace jako d\u016fle\u017eit\u00e9 kontakty v p\u0159\u00edpad\u011b nenad\u00e1l\u00fdch situac\u00ed. Budeme V\u00e1s zde informovat o sou\u010dasn\u00e9m d\u011bn\u00ed ve Spole\u010denstv\u00ed vlastn\u00edk\u016f jednotek, p\u0159ipravovan\u00fdch projektech atd.. V\u011bnujte pozornost sekci \u0160T\u00cdTKY Na n\u00e1st\u011bnce SVJ najdete informace o novink\u00e1ch nebo pl\u00e1novan\u00fdch akc\u00edch. V aktualit\u00e1ch v\u0161eobecn\u00fdch najdete informace t\u00fdkaj\u00edc\u00ed se zm\u011bn v legislativ\u011b. V dokumentech si m\u016f\u017eete st\u00e1hnout nap\u0159. aktu\u00e1ln\u00ed zn\u011bn\u00ed stanov apod. Pokud V\u00e1m zde n\u011bjak\u00e9 d\u016fle\u017eit\u00e9 informace chyb\u00ed a cht\u011bli byste je doplnit, napi\u0161te n\u00e1m. V\u00fdbor SVJ<\/p>\n","protected":false},"author":8,"featured_media":0,"parent":0,"menu_order":0,"comment_status":"closed","ping_status":"closed","template":"","meta":[],"_links":{"self":[{"href":"https:\/\/www.svjbrandlova.cz\/index.php?rest_route=\/wp\/v2\/pages\/61"}],"collection":[{"href":"https:\/\/www.svjbrandlova.cz\/index.php?rest_route=\/wp\/v2\/pages"}],"about":[{"href":"https:\/\/www.svjbrandlova.cz\/index.php?rest_route=\/wp\/v2\/types\/page"}],"author":[{"embeddable":true,"href":"https:\/\/www.svjbrandlova.cz\/index.php?rest_route=\/wp\/v2\/users\/8"}],"replies":[{"embeddable":true,"href":"https:\/\/www.svjbrandlova.cz\/index.php?rest_route=%2Fwp%2Fv2%2Fcomments&post=61"}],"version-history":[{"count":18,"href":"https:\/\/www.svjbrandlova.cz\/index.php?rest_route=\/wp\/v2\/pages\/61\/revisions"}],"predecessor-version":[{"id":841,"href":"https:\/\/www.svjbrandlova.cz\/index.php?rest_route=\/wp\/v2\/pages\/61\/revisions\/841"}],"wp:attachment":[{"href":"https:\/\/www.svjbrandlova.cz\/index.php?rest_route=%2Fwp%2Fv2%2Fmedia&parent=61"}],"curies":[{"name":"wp","href":"https:\/\/api.w.org\/{rel}","templated":true}]}}